{"id":138,"date":"2016-04-27T12:34:17","date_gmt":"2016-04-27T10:34:17","guid":{"rendered":"http:\/\/www.reproduktives-entwerfen.de\/wp\/?page_id=138"},"modified":"2016-05-04T11:06:52","modified_gmt":"2016-05-04T09:06:52","slug":"bauhausmuseum","status":"publish","type":"page","link":"https:\/\/www.reproduktivesentwerfen.de\/wp\/bauhausmuseum\/","title":{"rendered":"Bauhausmuseum"},"content":{"rendered":"<section id=\"builder-section-1461752432013\" class=\"builder-section builder-section-first builder-section-text builder-section-last builder-text-columns-2\" style=\"\">\n<div class=\"builder-section-content\">\n<div class=\"builder-text-column builder-text-column-1\" id=\"builder-section-1461752432013-column-1\">\n<div class=\"builder-text-content\">\n<div class=\"wonderpluginslider-container\" id=\"wonderpluginslider-container-5\" style=\"max-width:640px;margin:0 auto;padding-left:0px;padding-right:0px;padding-top:0px;padding-bottom:0px;\"><div class=\"wonderpluginslider\" id=\"wonderpluginslider-5\" data-sliderid=\"5\" data-width=\"640\" data-height=\"480\" data-skin=\"content\" data-autoplay=\"false\" data-randomplay=\"false\" data-loadimageondemand=\"false\" data-transitiononfirstslide=\"false\" data-autoplayvideo=\"false\" data-isresponsive=\"true\" data-fullwidth=\"false\" data-isfullscreen=\"false\" data-ratioresponsive=\"false\" data-showtext=\"false\" data-showtimer=\"false\" data-showbottomshadow=\"false\" data-navshowpreview=\"false\" data-textautohide=\"true\" data-lightboxresponsive=\"true\" data-lightboxshownavigation=\"false\" data-lightboxshowtitle=\"true\" data-lightboxshowdescription=\"false\" data-texteffectresponsive=\"true\" data-donotinit=\"false\" data-addinitscript=\"false\" data-lightboxfullscreenmode=\"false\" data-lightboxcloseonoverlay=\"true\" data-lightboxvideohidecontrols=\"false\" data-lightboxnogroup=\"false\" data-lightboxautoslide=\"false\" data-lightboxshowtimer=\"true\" data-lightboxshowplaybutton=\"true\" data-lightboxalwaysshownavarrows=\"false\" data-lightboxshowtitleprefix=\"true\" data-titleusealt=\"false\" data-outputtext=\"false\" data-scalemode=\"fit\" data-arrowstyle=\"mouseover\" data-transition=\"fade\" data-loop=\"0\" data-border=\"0\" data-slideinterval=\"8000\" data-arrowimage=\"arrows-32-32-0.png\" data-arrowwidth=\"32\" data-arrowheight=\"32\" data-arrowtop=\"50\" data-arrowmargin=\"0\" data-navstyle=\"bullets\" data-navimage=\"bullet-12-12-0.png\" data-navwidth=\"12\" data-navheight=\"12\" data-navspacing=\"8\" data-navmarginx=\"16\" data-navmarginy=\"16\" data-navposition=\"bottom\" data-playvideoimage=\"playvideo-64-64-0.png\" data-playvideoimagewidth=\"64\" data-playvideoimageheight=\"64\" data-lightboxthumbwidth=\"90\" data-lightboxthumbheight=\"60\" data-lightboxthumbtopmargin=\"12\" data-lightboxthumbbottommargin=\"4\" data-lightboxbarheight=\"64\" data-lightboxtitlebottomcss=\"color:#333; font-size:14px; font-family:Armata,sans-serif,Arial; overflow:hidden; text-align:left;\" data-lightboxdescriptionbottomcss=\"color:#333; font-size:12px; font-family:Arial,Helvetica,sans-serif; overflow:hidden; text-align:left; margin:4px 0px 0px; padding: 0px;\" data-textformat=\"Center text\" data-textpositionstatic=\"bottom\" data-textpositiondynamic=\"centercenter\" data-paddingleft=\"0\" data-paddingright=\"0\" data-paddingtop=\"0\" data-paddingbottom=\"0\" data-texteffectresponsivesize=\"640\" data-fadeduration=\"1000\" data-crossfadeduration=\"1000\" data-slideduration=\"1000\" data-elasticduration=\"1000\" data-sliceduration=\"1500\" data-blindsduration=\"1500\" data-blocksduration=\"1500\" data-shuffleduration=\"1500\" data-tilesduration=\"2000\" data-kenburnsduration=\"5000\" data-flipduration=\"1500\" data-flipwithzoomduration=\"2000\" data-threedduration=\"1500\" data-threedhorizontalduration=\"1500\" data-threedwithzoomduration=\"2500\" data-threedhorizontalwithzoomduration=\"2200\" data-threedflipduration=\"1500\" data-threedflipwithzoomduration=\"2000\" data-threedtilesduration=\"2000\" data-threedfallback=\"flip\" data-threedhorizontalfallback=\"flip\" data-threedwithzoomfallback=\"flipwithzoom\" data-threedhorizontalwithzoomfallback=\"flipwithzoom\" data-threedflipfallback=\"flip\" data-threedflipwithzoomfallback=\"flipwithzoom\" data-threedtilesfallback=\"tiles\" data-ratiomediumscreen=\"800\" data-ratiomediumheight=\"1.2\" data-ratiosmallscreen=\"480\" data-ratiosmallheight=\"1.6\" data-lightboxtitlestyle=\"bottom\" data-lightboximagepercentage=\"75\" data-lightboxdefaultvideovolume=\"1\" data-lightboxoverlaybgcolor=\"#000\" data-lightboxoverlayopacity=\"0.9\" data-lightboxbgcolor=\"#fff\" data-lightboxtitleprefix=\"%NUM \/ %TOTAL\" data-lightboxtitleinsidecss=\"color:#fff; font-size:16px; font-family:Arial,Helvetica,sans-serif; overflow:hidden; text-align:left;\" data-lightboxdescriptioninsidecss=\"color:#fff; font-size:12px; font-family:Arial,Helvetica,sans-serif; overflow:hidden; text-align:left; margin:4px 0px 0px; padding: 0px;\" data-lightboxslideinterval=\"5000\" data-lightboxtimerposition=\"bottom\" data-lightboxtimercolor=\"#dc572e\" data-lightboxtimeropacity=\"1\" data-lightboxbordersize=\"8\" data-lightboxborderradius=\"0\" data-textcss=\"display:block; padding:48px; text-align:center;\" data-textbgcss=\"display:none;\" data-titlecss=\"display:table; position:relative; font-weight:300; font-style:italic; font-size:32px; font-family:Georgia,sans-serif,Arial; color:#fff; padding:10px; margin:0px auto;\" data-descriptioncss=\"display:block; position:relative; font-weight:300; font-style:normal; font-size:20px; line-height:30px; font-family:Georgia,sans-serif,Arial; color:#fff; padding:10px; margin:0px auto;\" data-buttoncss=\"display:block; position:relative; margin:10px auto;\" data-titlecssresponsive=\"font-size:12px;\" data-descriptioncssresponsive=\"display:none !important;\" data-buttoncssresponsive=\"\" data-jsfolder=\"https:\/\/www.reproduktivesentwerfen.de\/wp\/wp-content\/plugins\/wonderplugin-slider-lite\/engine\/\" style=\"display:none;\" ><ul class=\"amazingslider-slides\"  style=\"display:none;\"><li><img class=\"amazingslider-img-elem amazingsliderimg\" src=\"http:\/\/www.reproduktives-entwerfen.de\/wp\/wp-content\/uploads\/2016\/04\/DES-Bild-01-1.jpg\" alt=\"DES Bild 01\" title=\"DES Bild 01\" data-description=\"\" \/><\/li><li><img class=\"amazingslider-img-elem amazingsliderimg\" src=\"http:\/\/www.reproduktives-entwerfen.de\/wp\/wp-content\/uploads\/2016\/04\/DES-Bild-02-1.jpg\" alt=\"DES Bild 02\" title=\"DES Bild 02\" data-description=\"\" \/><\/li><li><img class=\"amazingslider-img-elem amazingsliderimg\" src=\"http:\/\/www.reproduktives-entwerfen.de\/wp\/wp-content\/uploads\/2016\/04\/DES-Bild1-1.jpg\" alt=\"DES Bild1\" title=\"DES Bild1\" data-description=\"\" \/><\/li><li><img class=\"amazingslider-img-elem amazingsliderimg\" src=\"http:\/\/www.reproduktives-entwerfen.de\/wp\/wp-content\/uploads\/2016\/04\/DES-Bild2-1.jpg\" alt=\"DES Bild2\" title=\"DES Bild2\" data-description=\"\" \/><\/li><li><img class=\"amazingslider-img-elem amazingsliderimg\" src=\"http:\/\/www.reproduktives-entwerfen.de\/wp\/wp-content\/uploads\/2016\/04\/DES-Bild3-1.jpg\" alt=\"DES Bild3\" title=\"DES Bild3\" data-description=\"\" \/><\/li><li><img class=\"amazingslider-img-elem amazingsliderimg\" src=\"http:\/\/www.reproduktives-entwerfen.de\/wp\/wp-content\/uploads\/2016\/04\/DES-Bild4-1.jpg\" alt=\"DES Bild4\" title=\"DES Bild4\" data-description=\"\" \/><\/li><li><img class=\"amazingslider-img-elem amazingsliderimg\" src=\"http:\/\/www.reproduktives-entwerfen.de\/wp\/wp-content\/uploads\/2016\/04\/DES-Bild5-1.jpg\" alt=\"DES Bild5\" title=\"DES Bild5\" data-description=\"\" \/><\/li><li><img class=\"amazingslider-img-elem amazingsliderimg\" src=\"http:\/\/www.reproduktives-entwerfen.de\/wp\/wp-content\/uploads\/2016\/04\/DES-Bild6-1.jpg\" alt=\"DES Bild6\" title=\"DES Bild6\" data-description=\"\" \/><\/li><\/ul><\/div><\/div>\n<p>\u00a0<\/p>\n<\/p><\/div>\n<\/p><\/div>\n<div class=\"builder-text-column builder-text-column-2\" id=\"builder-section-1461752432013-column-2\">\n<div class=\"builder-text-content\">\n<h3>Bauhausmuseum Dessau<\/h3>\n<p>Wettbewerb, 2015<\/p>\n<p>Der Neubau positioniert sich als selbstbewusster Solit\u00e4r im Stadtpark. Er ist aus der stadtr\u00e4umlichen Geometrie Dessaus entwickelt und f\u00fchrt die R\u00e4ume der Kavalierstra\u00dfe und der Ratsgasse in den Landschaftsraum des Stadtparks fort. Die pr\u00e4zise Setzung des Museums als \u201ePoint de Vue\u201c st\u00e4rkt die vorhandenen Sichtachsen aus der Antoinetten- und Kavalierstra\u00dfe sowie der Ratsgasse in Richtung Stadtpark. So wird dem vom Bauhaus, dem Hauptbahnhof oder dem Stadtzentrum kommenden Besucher schon von weitem ein Bezugspunkt im Stadtraum gegeben und ein Interesse f\u00fcr das Geb\u00e4ude geweckt.<\/p>\n<\/p><\/div>\n<\/p><\/div>\n<\/p><\/div>\n<\/section>\n","protected":false},"excerpt":{"rendered":"<p>\u00a0 Bauhausmuseum Dessau Wettbewerb, 2015 Der Neubau positioniert sich als selbstbewusster Solit\u00e4r im Stadtpark. Er ist aus der stadtr\u00e4umlichen Geometrie Dessaus entwickelt und f\u00fchrt die R\u00e4ume der Kavalierstra\u00dfe und der Ratsgasse in den Landschaftsraum des Stadtparks fort. Die pr\u00e4zise Setzung des Museums als \u201ePoint de Vue\u201c st\u00e4rkt die vorhandenen Sichtachsen aus der Antoinetten- und Kavalierstra\u00dfe &hellip;<\/p>\n","protected":false},"author":1,"featured_media":0,"parent":0,"menu_order":0,"comment_status":"closed","ping_status":"closed","template":"template-builder.php","meta":[],"_links":{"self":[{"href":"https:\/\/www.reproduktivesentwerfen.de\/wp\/wp-json\/wp\/v2\/pages\/138"}],"collection":[{"href":"https:\/\/www.reproduktivesentwerfen.de\/wp\/wp-json\/wp\/v2\/pages"}],"about":[{"href":"https:\/\/www.reproduktivesentwerfen.de\/wp\/wp-json\/wp\/v2\/types\/page"}],"author":[{"embeddable":true,"href":"https:\/\/www.reproduktivesentwerfen.de\/wp\/wp-json\/wp\/v2\/users\/1"}],"replies":[{"embeddable":true,"href":"https:\/\/www.reproduktivesentwerfen.de\/wp\/wp-json\/wp\/v2\/comments?post=138"}],"version-history":[{"count":3,"href":"https:\/\/www.reproduktivesentwerfen.de\/wp\/wp-json\/wp\/v2\/pages\/138\/revisions"}],"predecessor-version":[{"id":356,"href":"https:\/\/www.reproduktivesentwerfen.de\/wp\/wp-json\/wp\/v2\/pages\/138\/revisions\/356"}],"wp:attachment":[{"href":"https:\/\/www.reproduktivesentwerfen.de\/wp\/wp-json\/wp\/v2\/media?parent=138"}],"curies":[{"name":"wp","href":"https:\/\/api.w.org\/{rel}","templated":true}]}}